{"id":178,"date":"2025-09-19T13:13:58","date_gmt":"2025-09-19T13:13:58","guid":{"rendered":"https:\/\/www.pamietnik-singielki.pl\/?page_id=178"},"modified":"2025-09-19T15:53:42","modified_gmt":"2025-09-19T15:53:42","slug":"o-mnie","status":"publish","type":"page","link":"http:\/\/www.pamietnik-singielki.pl\/index.php\/o-mnie\/","title":{"rendered":"O mnie"},"content":{"rendered":"\n<p>Hej, tu Dominika.<br>Pisz\u0119 o codzienno\u015bci, emocjach i zmaganiach singielki. Ten blog to moje miejsce szczero\u015bci i rozm\u00f3w \u2013 zapraszam Ci\u0119 do mojego \u015bwiata.<\/p>\n\n\n\n<p>Dlaczego powsta\u0142 \u201ePami\u0119tnik Singielki\u201d?<\/p>\n\n\n\n<p>Bo wiem, \u017ce \u017cycie w pojedynk\u0119 to nie tylko samotno\u015b\u0107, ale te\u017c ogromna si\u0142a, odkrywanie siebie i codzienne ma\u0142e zwyci\u0119stwa. Chcia\u0142am stworzy\u0107 przestrze\u0144, w kt\u00f3rej mo\u017cna znale\u017a\u0107 wsparcie, zrozumienie i czasem troch\u0119 u\u015bmiechu.<\/p>\n\n\n\n<p>Na blogu znajdziesz:<\/p>\n\n\n\n<p>\u2726 osobiste przemy\u015blenia i historie z \u017cycia,<br>\u2726 emocje, z kt\u00f3rymi ka\u017cdy z nas si\u0119 mierzy,<br>\u2726 refleksje o relacjach, kulturze i rozwoju,<br>\u2726 codzienno\u015b\u0107 widzian\u0105 oczami singielki.<\/p>\n\n\n\n<p>Mam nadziej\u0119, \u017ce znajdziesz tu co\u015b dla siebie \u2013 kawa\u0142ek inspiracji, zrozumienia albo po prostu chwil\u0119 wytchnienia przy fili\u017cance kawy \u2615<\/p>\n","protected":false},"excerpt":{"rendered":"<p>Hej, tu Dominika.Pisz\u0119 o codzienno\u015bci, emocjach i zmaganiach singielki. Ten blog to moje miejsce szczero\u015bci i rozm\u00f3w \u2013 zapraszam Ci\u0119 do mojego \u015bwiata. Dlaczego powsta\u0142 \u201ePami\u0119tnik Singielki\u201d? Bo wiem, \u017ce \u017cycie w pojedynk\u0119 to nie tylko samotno\u015b\u0107, ale te\u017c ogromna si\u0142a, odkrywanie siebie i codzienne ma\u0142e zwyci\u0119stwa. Chcia\u0142am stworzy\u0107 przestrze\u0144, w kt\u00f3rej mo\u017cna znale\u017a\u0107 wsparcie, [&hellip;]<\/p>\n","protected":false},"author":1,"featured_media":0,"parent":0,"menu_order":0,"comment_status":"closed","ping_status":"closed","template":"","meta":{"footnotes":""},"class_list":["post-178","page","type-page","status-publish","hentry"],"_links":{"self":[{"href":"http:\/\/www.pamietnik-singielki.pl\/index.php\/wp-json\/wp\/v2\/pages\/178","targetHints":{"allow":["GET"]}}],"collection":[{"href":"http:\/\/www.pamietnik-singielki.pl\/index.php\/wp-json\/wp\/v2\/pages"}],"about":[{"href":"http:\/\/www.pamietnik-singielki.pl\/index.php\/wp-json\/wp\/v2\/types\/page"}],"author":[{"embeddable":true,"href":"http:\/\/www.pamietnik-singielki.pl\/index.php\/wp-json\/wp\/v2\/users\/1"}],"replies":[{"embeddable":true,"href":"http:\/\/www.pamietnik-singielki.pl\/index.php\/wp-json\/wp\/v2\/comments?post=178"}],"version-history":[{"count":5,"href":"http:\/\/www.pamietnik-singielki.pl\/index.php\/wp-json\/wp\/v2\/pages\/178\/revisions"}],"predecessor-version":[{"id":215,"href":"http:\/\/www.pamietnik-singielki.pl\/index.php\/wp-json\/wp\/v2\/pages\/178\/revisions\/215"}],"wp:attachment":[{"href":"http:\/\/www.pamietnik-singielki.pl\/index.php\/wp-json\/wp\/v2\/media?parent=178"}],"curies":[{"name":"wp","href":"https:\/\/api.w.org\/{rel}","templated":true}]}}